{"id":365,"date":"2021-03-26T12:44:37","date_gmt":"2021-03-26T11:44:37","guid":{"rendered":"https:\/\/www.lesfumeesblanches.com\/?page_id=365"},"modified":"2021-03-26T12:45:37","modified_gmt":"2021-03-26T11:45:37","slug":"contact-data-management","status":"publish","type":"page","link":"https:\/\/www.lesfumeesblanches.com\/en\/contact-data-management\/","title":{"rendered":"Contact data management"},"content":{"rendered":"\n<p>The form for requests relating to the website <a href=\"http:\/\/www.lesfumeesblanches.fr\/\">www.lesfumeesblanches.fr<\/a>&nbsp;represents personal data processing managed by SAS Les Fum\u00e9es Blanches.<\/p>\n\n\n\n<p><\/p>\n\n\n\n<h2 class=\"wp-block-heading\">PURPOSE OF DATA PROCESSING<\/h2>\n\n\n\n<h3 class=\"wp-block-heading\">Aims<\/h3>\n\n\n\n<p>The aim of this processing is to manage requests relating to SAS Les Fum\u00e9es Blanches.<\/p>\n\n\n\n<p>It enables SAS Les Fum\u00e9es Blanches to:<\/p>\n\n\n\n<ul class=\"wp-block-list\"><li>Receive comments and reports addressed to the SAS Les Fum\u00e9es Blanches team.<\/li><li>Manage follow-up to questions received.<\/li><\/ul>\n\n\n\n<h3 class=\"wp-block-heading\">Legal Foundation<\/h3>\n\n\n\n<p><a href=\"https:\/\/www.cnil.fr\/fr\/reglement-europeen-protection-donnees\/chapitre2#Article6\" target=\"_blank\" rel=\"noreferrer noopener\">Article 6<\/a>&nbsp;(1) of the General Data Protection Regulation \u2013 GDPR<\/p>\n\n\n\n<p><\/p>\n\n\n\n<h2 class=\"wp-block-heading\">DATA PROCESSED<\/h2>\n\n\n\n<h3 class=\"wp-block-heading\">Categories of data processed <\/h3>\n\n\n\n<ul class=\"wp-block-list\"><li>Title<\/li><li>First name<\/li><li>Last name<\/li><li>Company<\/li><li>Town\/city<\/li><li>Telephone<\/li><li>Email<\/li><li>Topics of interest<\/li><li>Message<\/li><\/ul>\n\n\n\n<h3 class=\"wp-block-heading\">Source of data <\/h3>\n\n\n\n<p>The data is sent by a visitor to the website&nbsp;<a href=\"http:\/\/www.lesfumeesblanches.fr\/\">www.lesfumeesblanches.fr<\/a> who wishes to send a message.<\/p>\n\n\n\n<h3 class=\"wp-block-heading\">Mandatory data collection <\/h3>\n\n\n\n<p>The contact form on the website&nbsp;<a href=\"http:\/\/www.lesfumeesblanches.fr\/\">www.lesfumeesblanches.fr<\/a>&nbsp;requires mandatory data collection to be able to fulfil the request.<\/p>\n\n\n\n<h3 class=\"wp-block-heading\">Automated decision-making<\/h3>\n\n\n\n<p>Processing does not use&nbsp;<a href=\"https:\/\/www.cnil.fr\/fr\/reglement-europeen-protection-donnees\/chapitre3#Article22\" target=\"_blank\" rel=\"noreferrer noopener\">automated decision-making<\/a>.<\/p>\n\n\n\n<h3 class=\"wp-block-heading\">Persons concerned <\/h3>\n\n\n\n<p>Data processing concerns people wishing to send a question or report to SAS Les Fum\u00e9es Blanches.<\/p>\n\n\n\n<p><\/p>\n\n\n\n<h2 class=\"wp-block-heading\">DATA RECIPIENTS<\/h2>\n\n\n\n<h3 class=\"wp-block-heading\">Recipient type<\/h3>\n\n\n\n<p>Data recipients are:<\/p>\n\n\n\n<ul class=\"wp-block-list\"><li>The SAS Les Fum\u00e9es Blanches teams processing the requests<\/li><li>The development team at the Mediacrossing agency which designed the website (in the event of technical intervention)<\/li><li>The Sendinblue current and prospective customer data management platform<\/li><\/ul>\n\n\n\n<h3 class=\"wp-block-heading\">Data transfers outside of the EU<\/h3>\n\n\n\n<p>No data is transferred outside of the European Union.<\/p>\n\n\n\n<h3 class=\"wp-block-heading\">Data retention period <\/h3>\n\n\n\n<p>Data is retained for five years from the request being processed.<\/p>\n\n\n\n<h3 class=\"wp-block-heading\">Security <\/h3>\n\n\n\n<p>SAS Les Fum\u00e9es Blanches makes every effort to secure the personal data submitted via the SAS Les Fum\u00e9es Blanches website.<\/p>\n\n\n\n<h3 class=\"wp-block-heading\">Your rights regarding data concerning you <\/h3>\n\n\n\n<p>You can access and obtain copies of data concerning you, object to the processing of this data, have it rectified or have it erased. You also have the right to limit the processing of your data.<\/p>\n\n\n\n<p><a href=\"https:\/\/www.cnil.fr\/fr\/les-droits-pour-maitriser-vos-donnees-personnelles\" target=\"_blank\" rel=\"noreferrer noopener\">For more information and to understand your rights<\/a><\/p>\n\n\n\n<h3 class=\"wp-block-heading\">Exercising your rights <\/h3>\n\n\n\n<p>The Data Protection Officer (DPO) of SAS Les Fum\u00e9es Blanches is your point of contact for all requests to exercise your rights regarding this processing.<\/p>\n\n\n\n<p>You can contact the DPO (Data Protection Officer) by post:<\/p>\n\n\n\n<p><strong>SAS LES FUM\u00c9ES BLANCHES<\/strong><\/p>\n\n\n\n<p>Domaine de Poumeyrade<br>33870 VAYRES<\/p>\n\n\n\n<p><\/p>\n\n\n\n<h2 class=\"wp-block-heading\">COMPLAINT TO CNIL<\/h2>\n\n\n\n<p>If, after contacting us, you feel that your rights to your data have not been respected, you can&nbsp;<a href=\"https:\/\/www.cnil.fr\/fr\/plaintes\" target=\"_blank\" rel=\"noreferrer noopener\">submit a complaint to CNIL<\/a>.<\/p>\n","protected":false},"excerpt":{"rendered":"<p>The form for requests relating to the website www.lesfumeesblanches.fr&nbsp;represents personal data processing managed by SAS Les Fum\u00e9es Blanches. PURPOSE OF DATA PROCESSING Aims The aim of this processing is to manage requests relating to SAS Les Fum\u00e9es Blanches. It enables SAS Les Fum\u00e9es Blanches to: Receive comments and reports addressed to the SAS Les Fum\u00e9es [&hellip;]<\/p>\n","protected":false},"author":6,"featured_media":0,"parent":0,"menu_order":0,"comment_status":"closed","ping_status":"closed","template":"","meta":{"_acf_changed":false,"footnotes":""},"class_list":["post-365","page","type-page","status-publish","hentry"],"acf":[],"yoast_head":"<!-- This site is optimized with the Yoast SEO plugin v27.5 - https:\/\/yoast.com\/product\/yoast-seo-wordpress\/ -->\n<title>Contact data management - Les Fum\u00e9es Blanches<\/title>\n<meta name=\"robots\" content=\"index, follow, max-snippet:-1, max-image-preview:large, max-video-preview:-1\" \/>\n<link rel=\"canonical\" href=\"https:\/\/www.lesfumeesblanches.com\/en\/contact-data-management\/\" \/>\n<meta property=\"og:locale\" content=\"en_US\" \/>\n<meta property=\"og:type\" content=\"article\" \/>\n<meta property=\"og:title\" content=\"Contact data management - Les Fum\u00e9es Blanches\" \/>\n<meta property=\"og:description\" content=\"The form for requests relating to the website www.lesfumeesblanches.fr&nbsp;represents personal data processing managed by SAS Les Fum\u00e9es Blanches. PURPOSE OF DATA PROCESSING Aims The aim of this processing is to manage requests relating to SAS Les Fum\u00e9es Blanches. It enables SAS Les Fum\u00e9es Blanches to: Receive comments and reports addressed to the SAS Les Fum\u00e9es [&hellip;]\" \/>\n<meta property=\"og:url\" content=\"https:\/\/www.lesfumeesblanches.com\/en\/contact-data-management\/\" \/>\n<meta property=\"og:site_name\" content=\"Les Fum\u00e9es Blanches\" \/>\n<meta property=\"article:modified_time\" content=\"2021-03-26T11:45:37+00:00\" \/>\n<meta name=\"twitter:card\" content=\"summary_large_image\" \/>\n<meta name=\"twitter:label1\" content=\"Est. reading time\" \/>\n\t<meta name=\"twitter:data1\" content=\"2 minutes\" \/>\n<script type=\"application\/ld+json\" class=\"yoast-schema-graph\">{\"@context\":\"https:\\\/\\\/schema.org\",\"@graph\":[{\"@type\":\"WebPage\",\"@id\":\"https:\\\/\\\/www.lesfumeesblanches.com\\\/en\\\/contact-data-management\\\/\",\"url\":\"https:\\\/\\\/www.lesfumeesblanches.com\\\/en\\\/contact-data-management\\\/\",\"name\":\"Contact data management - Les Fum\u00e9es Blanches\",\"isPartOf\":{\"@id\":\"https:\\\/\\\/www.lesfumeesblanches.com\\\/en\\\/#website\"},\"datePublished\":\"2021-03-26T11:44:37+00:00\",\"dateModified\":\"2021-03-26T11:45:37+00:00\",\"breadcrumb\":{\"@id\":\"https:\\\/\\\/www.lesfumeesblanches.com\\\/en\\\/contact-data-management\\\/#breadcrumb\"},\"inLanguage\":\"en-US\",\"potentialAction\":[{\"@type\":\"ReadAction\",\"target\":[\"https:\\\/\\\/www.lesfumeesblanches.com\\\/en\\\/contact-data-management\\\/\"]}]},{\"@type\":\"BreadcrumbList\",\"@id\":\"https:\\\/\\\/www.lesfumeesblanches.com\\\/en\\\/contact-data-management\\\/#breadcrumb\",\"itemListElement\":[{\"@type\":\"ListItem\",\"position\":1,\"name\":\"Accueil\",\"item\":\"https:\\\/\\\/www.lesfumeesblanches.com\\\/en\\\/\"},{\"@type\":\"ListItem\",\"position\":2,\"name\":\"Contact data management\"}]},{\"@type\":\"WebSite\",\"@id\":\"https:\\\/\\\/www.lesfumeesblanches.com\\\/en\\\/#website\",\"url\":\"https:\\\/\\\/www.lesfumeesblanches.com\\\/en\\\/\",\"name\":\"Les Fum\u00e9es Blanches\",\"description\":\"Un site utilisant Les sites Fran\u00e7ois Lurton\",\"publisher\":{\"@id\":\"https:\\\/\\\/www.lesfumeesblanches.com\\\/en\\\/#organization\"},\"potentialAction\":[{\"@type\":\"SearchAction\",\"target\":{\"@type\":\"EntryPoint\",\"urlTemplate\":\"https:\\\/\\\/www.lesfumeesblanches.com\\\/en\\\/?s={search_term_string}\"},\"query-input\":{\"@type\":\"PropertyValueSpecification\",\"valueRequired\":true,\"valueName\":\"search_term_string\"}}],\"inLanguage\":\"en-US\"},{\"@type\":\"Organization\",\"@id\":\"https:\\\/\\\/www.lesfumeesblanches.com\\\/en\\\/#organization\",\"name\":\"Les Fum\u00e9es Blanches\",\"url\":\"https:\\\/\\\/www.lesfumeesblanches.com\\\/en\\\/\",\"logo\":{\"@type\":\"ImageObject\",\"inLanguage\":\"en-US\",\"@id\":\"https:\\\/\\\/www.lesfumeesblanches.com\\\/en\\\/#\\\/schema\\\/logo\\\/image\\\/\",\"url\":\"https:\\\/\\\/www.lesfumeesblanches.com\\\/wp-content\\\/uploads\\\/sites\\\/6\\\/2021\\\/02\\\/logo-fumees-blanches.png\",\"contentUrl\":\"https:\\\/\\\/www.lesfumeesblanches.com\\\/wp-content\\\/uploads\\\/sites\\\/6\\\/2021\\\/02\\\/logo-fumees-blanches.png\",\"width\":611,\"height\":321,\"caption\":\"Les Fum\u00e9es Blanches\"},\"image\":{\"@id\":\"https:\\\/\\\/www.lesfumeesblanches.com\\\/en\\\/#\\\/schema\\\/logo\\\/image\\\/\"}}]}<\/script>\n<!-- \/ Yoast SEO plugin. -->","yoast_head_json":{"title":"Contact data management - Les Fum\u00e9es Blanches","robots":{"index":"index","follow":"follow","max-snippet":"max-snippet:-1","max-image-preview":"max-image-preview:large","max-video-preview":"max-video-preview:-1"},"canonical":"https:\/\/www.lesfumeesblanches.com\/en\/contact-data-management\/","og_locale":"en_US","og_type":"article","og_title":"Contact data management - Les Fum\u00e9es Blanches","og_description":"The form for requests relating to the website www.lesfumeesblanches.fr&nbsp;represents personal data processing managed by SAS Les Fum\u00e9es Blanches. PURPOSE OF DATA PROCESSING Aims The aim of this processing is to manage requests relating to SAS Les Fum\u00e9es Blanches. It enables SAS Les Fum\u00e9es Blanches to: Receive comments and reports addressed to the SAS Les Fum\u00e9es [&hellip;]","og_url":"https:\/\/www.lesfumeesblanches.com\/en\/contact-data-management\/","og_site_name":"Les Fum\u00e9es Blanches","article_modified_time":"2021-03-26T11:45:37+00:00","twitter_card":"summary_large_image","twitter_misc":{"Est. reading time":"2 minutes"},"schema":{"@context":"https:\/\/schema.org","@graph":[{"@type":"WebPage","@id":"https:\/\/www.lesfumeesblanches.com\/en\/contact-data-management\/","url":"https:\/\/www.lesfumeesblanches.com\/en\/contact-data-management\/","name":"Contact data management - Les Fum\u00e9es Blanches","isPartOf":{"@id":"https:\/\/www.lesfumeesblanches.com\/en\/#website"},"datePublished":"2021-03-26T11:44:37+00:00","dateModified":"2021-03-26T11:45:37+00:00","breadcrumb":{"@id":"https:\/\/www.lesfumeesblanches.com\/en\/contact-data-management\/#breadcrumb"},"inLanguage":"en-US","potentialAction":[{"@type":"ReadAction","target":["https:\/\/www.lesfumeesblanches.com\/en\/contact-data-management\/"]}]},{"@type":"BreadcrumbList","@id":"https:\/\/www.lesfumeesblanches.com\/en\/contact-data-management\/#breadcrumb","itemListElement":[{"@type":"ListItem","position":1,"name":"Accueil","item":"https:\/\/www.lesfumeesblanches.com\/en\/"},{"@type":"ListItem","position":2,"name":"Contact data management"}]},{"@type":"WebSite","@id":"https:\/\/www.lesfumeesblanches.com\/en\/#website","url":"https:\/\/www.lesfumeesblanches.com\/en\/","name":"Les Fum\u00e9es Blanches","description":"Un site utilisant Les sites Fran\u00e7ois Lurton","publisher":{"@id":"https:\/\/www.lesfumeesblanches.com\/en\/#organization"},"potentialAction":[{"@type":"SearchAction","target":{"@type":"EntryPoint","urlTemplate":"https:\/\/www.lesfumeesblanches.com\/en\/?s={search_term_string}"},"query-input":{"@type":"PropertyValueSpecification","valueRequired":true,"valueName":"search_term_string"}}],"inLanguage":"en-US"},{"@type":"Organization","@id":"https:\/\/www.lesfumeesblanches.com\/en\/#organization","name":"Les Fum\u00e9es Blanches","url":"https:\/\/www.lesfumeesblanches.com\/en\/","logo":{"@type":"ImageObject","inLanguage":"en-US","@id":"https:\/\/www.lesfumeesblanches.com\/en\/#\/schema\/logo\/image\/","url":"https:\/\/www.lesfumeesblanches.com\/wp-content\/uploads\/sites\/6\/2021\/02\/logo-fumees-blanches.png","contentUrl":"https:\/\/www.lesfumeesblanches.com\/wp-content\/uploads\/sites\/6\/2021\/02\/logo-fumees-blanches.png","width":611,"height":321,"caption":"Les Fum\u00e9es Blanches"},"image":{"@id":"https:\/\/www.lesfumeesblanches.com\/en\/#\/schema\/logo\/image\/"}}]}},"_links":{"self":[{"href":"https:\/\/www.lesfumeesblanches.com\/en\/wp-json\/wp\/v2\/pages\/365","targetHints":{"allow":["GET"]}}],"collection":[{"href":"https:\/\/www.lesfumeesblanches.com\/en\/wp-json\/wp\/v2\/pages"}],"about":[{"href":"https:\/\/www.lesfumeesblanches.com\/en\/wp-json\/wp\/v2\/types\/page"}],"author":[{"embeddable":true,"href":"https:\/\/www.lesfumeesblanches.com\/en\/wp-json\/wp\/v2\/users\/6"}],"replies":[{"embeddable":true,"href":"https:\/\/www.lesfumeesblanches.com\/en\/wp-json\/wp\/v2\/comments?post=365"}],"version-history":[{"count":2,"href":"https:\/\/www.lesfumeesblanches.com\/en\/wp-json\/wp\/v2\/pages\/365\/revisions"}],"predecessor-version":[{"id":367,"href":"https:\/\/www.lesfumeesblanches.com\/en\/wp-json\/wp\/v2\/pages\/365\/revisions\/367"}],"wp:attachment":[{"href":"https:\/\/www.lesfumeesblanches.com\/en\/wp-json\/wp\/v2\/media?parent=365"}],"curies":[{"name":"wp","href":"https:\/\/api.w.org\/{rel}","templated":true}]}}